
{"id":37416,"date":"2025-10-21T08:43:50","date_gmt":"2025-10-21T08:43:50","guid":{"rendered":"https:\/\/bmbgroup.com\/?page_id=37416"},"modified":"2025-10-21T09:09:10","modified_gmt":"2025-10-21T09:09:10","slug":"isms-compliance","status":"publish","type":"page","link":"https:\/\/bmbgroup.com\/fr\/conformite-aux-ismes\/","title":{"rendered":"Politique relative aux syst\u00e8mes de gestion de la s\u00e9curit\u00e9 de l'information (SGSI)"},"content":{"rendered":"<div data-elementor-type=\"wp-page\" data-elementor-id=\"37416\" class=\"elementor elementor-37416\">\n\t\t\t\t\t\t<section class=\"elementor-section elementor-top-section elementor-element elementor-element-2b1184b0 elementor-section-boxed elementor-section-height-default elementor-section-height-default sc_fly_static\" data-id=\"2b1184b0\" data-element_type=\"section\" data-settings=\"{&quot;background_background&quot;:&quot;classic&quot;}\">\n\t\t\t\t\t\t<div class=\"elementor-container elementor-column-gap-extended\">\n\t\t\t\t\t<div class=\"elementor-column elementor-col-100 elementor-top-column elementor-element elementor-element-153e1c19 sc_content_align_inherit sc_layouts_column_icons_position_left sc_fly_static\" data-id=\"153e1c19\" data-element_type=\"column\">\n\t\t\t<div class=\"elementor-widget-wrap elementor-element-populated\">\n\t\t\t\t\t\t<div class=\"elementor-element elementor-element-54db29de elementor-widget__width-initial sc_fly_static elementor-widget elementor-widget-text-editor\" data-id=\"54db29de\" data-element_type=\"widget\" data-widget_type=\"text-editor.default\">\n\t\t\t\t<div class=\"elementor-widget-container\">\n\t\t\t\t\t\t\t\t\t<h5>1. Objet<\/h5><p>Cette politique vise \u00e0 d\u00e9finir et \u00e0 \u00e9tablir un cadre pour assurer la conformit\u00e9 \u00e0 la cybers\u00e9curit\u00e9 au sein de notre organisation.<\/p>\t\t\t\t\t\t\t\t<\/div>\n\t\t\t\t<\/div>\n\t\t\t\t\t<\/div>\n\t\t<\/div>\n\t\t\t\t\t<\/div>\n\t\t<\/section>\n\t\t\t\t<section class=\"elementor-section elementor-top-section elementor-element elementor-element-7ef86bc8 elementor-section-boxed elementor-section-height-default elementor-section-height-default sc_fly_static\" data-id=\"7ef86bc8\" data-element_type=\"section\">\n\t\t\t\t\t\t<div class=\"elementor-container elementor-column-gap-extended\">\n\t\t\t\t\t<div class=\"elementor-column elementor-col-100 elementor-top-column elementor-element elementor-element-19372eea sc_content_align_inherit sc_layouts_column_icons_position_left sc_fly_static\" data-id=\"19372eea\" data-element_type=\"column\">\n\t\t\t<div class=\"elementor-widget-wrap elementor-element-populated\">\n\t\t\t\t\t\t<div class=\"elementor-element elementor-element-690b98ed sc_fly_static elementor-widget elementor-widget-spacer\" data-id=\"690b98ed\" data-element_type=\"widget\" data-widget_type=\"spacer.default\">\n\t\t\t\t<div class=\"elementor-widget-container\">\n\t\t\t\t\t\t\t<div class=\"elementor-spacer\">\n\t\t\t<div class=\"elementor-spacer-inner\"><\/div>\n\t\t<\/div>\n\t\t\t\t\t\t<\/div>\n\t\t\t\t<\/div>\n\t\t\t\t\t<\/div>\n\t\t<\/div>\n\t\t\t\t\t<\/div>\n\t\t<\/section>\n\t\t\t\t<section class=\"elementor-section elementor-top-section elementor-element elementor-element-a2ec18c elementor-section-boxed elementor-section-height-default elementor-section-height-default sc_fly_static\" data-id=\"a2ec18c\" data-element_type=\"section\" data-settings=\"{&quot;background_background&quot;:&quot;classic&quot;}\">\n\t\t\t\t\t\t<div class=\"elementor-container elementor-column-gap-extended\">\n\t\t\t\t\t<div class=\"elementor-column elementor-col-100 elementor-top-column elementor-element elementor-element-e4f67bc sc_content_align_inherit sc_layouts_column_icons_position_left sc_fly_static\" data-id=\"e4f67bc\" data-element_type=\"column\">\n\t\t\t<div class=\"elementor-widget-wrap elementor-element-populated\">\n\t\t\t\t\t\t<div class=\"elementor-element elementor-element-fc87c00 sc_fly_static elementor-widget elementor-widget-text-editor\" data-id=\"fc87c00\" data-element_type=\"widget\" data-widget_type=\"text-editor.default\">\n\t\t\t\t<div class=\"elementor-widget-container\">\n\t\t\t\t\t\t\t\t\t<h5>2. Champ d'application<\/h5><p>Cette politique s'applique \u00e0 tous les employ\u00e9s, contractants, vendeurs et tiers qui interagissent avec les syst\u00e8mes d'information et les actifs de l'organisation.<\/p>\t\t\t\t\t\t\t\t<\/div>\n\t\t\t\t<\/div>\n\t\t\t\t\t<\/div>\n\t\t<\/div>\n\t\t\t\t\t<\/div>\n\t\t<\/section>\n\t\t\t\t<section class=\"elementor-section elementor-top-section elementor-element elementor-element-1ce0fbce elementor-section-boxed elementor-section-height-default elementor-section-height-default sc_fly_static\" data-id=\"1ce0fbce\" data-element_type=\"section\">\n\t\t\t\t\t\t<div class=\"elementor-container elementor-column-gap-extended\">\n\t\t\t\t\t<div class=\"elementor-column elementor-col-100 elementor-top-column elementor-element elementor-element-71737124 sc_content_align_inherit sc_layouts_column_icons_position_left sc_fly_static\" data-id=\"71737124\" data-element_type=\"column\">\n\t\t\t<div class=\"elementor-widget-wrap elementor-element-populated\">\n\t\t\t\t\t\t<div class=\"elementor-element elementor-element-653057c1 sc_fly_static elementor-widget elementor-widget-spacer\" data-id=\"653057c1\" data-element_type=\"widget\" data-widget_type=\"spacer.default\">\n\t\t\t\t<div class=\"elementor-widget-container\">\n\t\t\t\t\t\t\t<div class=\"elementor-spacer\">\n\t\t\t<div class=\"elementor-spacer-inner\"><\/div>\n\t\t<\/div>\n\t\t\t\t\t\t<\/div>\n\t\t\t\t<\/div>\n\t\t\t\t\t<\/div>\n\t\t<\/div>\n\t\t\t\t\t<\/div>\n\t\t<\/section>\n\t\t\t\t<section class=\"elementor-section elementor-top-section elementor-element elementor-element-7321157f elementor-section-boxed elementor-section-height-default elementor-section-height-default sc_fly_static\" data-id=\"7321157f\" data-element_type=\"section\" data-settings=\"{&quot;background_background&quot;:&quot;classic&quot;}\">\n\t\t\t\t\t\t<div class=\"elementor-container elementor-column-gap-extended\">\n\t\t\t\t\t<div class=\"elementor-column elementor-col-100 elementor-top-column elementor-element elementor-element-770fd656 sc_content_align_inherit sc_layouts_column_icons_position_left sc_fly_static\" data-id=\"770fd656\" data-element_type=\"column\">\n\t\t\t<div class=\"elementor-widget-wrap elementor-element-populated\">\n\t\t\t\t\t\t<div class=\"elementor-element elementor-element-20d12e1e sc_fly_static elementor-widget elementor-widget-text-editor\" data-id=\"20d12e1e\" data-element_type=\"widget\" data-widget_type=\"text-editor.default\">\n\t\t\t\t<div class=\"elementor-widget-container\">\n\t\t\t\t\t\t\t\t\t<h5>3. R\u00f4les et responsabilit\u00e9s<\/h5><p>- RSSI : responsable de la mise en place de l'orientation strat\u00e9gique de l'organisation en mati\u00e8re de conformit\u00e9 \u00e0 la cybers\u00e9curit\u00e9. Il doit allouer des ressources ad\u00e9quates pour garantir le respect des exigences en mati\u00e8re de cybers\u00e9curit\u00e9 et veiller \u00e0 ce qu'elles soient int\u00e9gr\u00e9es dans les objectifs de l'organisation.<br \/>- L'\u00e9quipe charg\u00e9e de la s\u00e9curit\u00e9 de l'information est responsable de l'identification et du suivi des exigences l\u00e9gislatives et r\u00e9glementaires nationales pertinentes et des exigences internationales\/transfrontali\u00e8res accr\u00e9dit\u00e9es au niveau local.<br \/>- Employ\u00e9s et utilisateurs autoris\u00e9s : il leur incombe de comprendre et de respecter les exigences en mati\u00e8re de cybers\u00e9curit\u00e9 \u00e9nonc\u00e9es dans la pr\u00e9sente politique. Ils doivent signaler rapidement \u00e0 l'\u00e9quipe charg\u00e9e de la s\u00e9curit\u00e9 de l'information ou aux autorit\u00e9s d\u00e9sign\u00e9es toute violation potentielle de la conformit\u00e9 ou tout probl\u00e8me de s\u00e9curit\u00e9.<\/p>\t\t\t\t\t\t\t\t<\/div>\n\t\t\t\t<\/div>\n\t\t\t\t\t<\/div>\n\t\t<\/div>\n\t\t\t\t\t<\/div>\n\t\t<\/section>\n\t\t\t\t<section class=\"elementor-section elementor-top-section elementor-element elementor-element-6d09f250 elementor-section-boxed elementor-section-height-default elementor-section-height-default sc_fly_static\" data-id=\"6d09f250\" data-element_type=\"section\">\n\t\t\t\t\t\t<div class=\"elementor-container elementor-column-gap-extended\">\n\t\t\t\t\t<div class=\"elementor-column elementor-col-100 elementor-top-column elementor-element elementor-element-936cd29 sc_content_align_inherit sc_layouts_column_icons_position_left sc_fly_static\" data-id=\"936cd29\" data-element_type=\"column\">\n\t\t\t<div class=\"elementor-widget-wrap elementor-element-populated\">\n\t\t\t\t\t\t<div class=\"elementor-element elementor-element-1a296be8 sc_fly_static elementor-widget elementor-widget-spacer\" data-id=\"1a296be8\" data-element_type=\"widget\" data-widget_type=\"spacer.default\">\n\t\t\t\t<div class=\"elementor-widget-container\">\n\t\t\t\t\t\t\t<div class=\"elementor-spacer\">\n\t\t\t<div class=\"elementor-spacer-inner\"><\/div>\n\t\t<\/div>\n\t\t\t\t\t\t<\/div>\n\t\t\t\t<\/div>\n\t\t\t\t\t<\/div>\n\t\t<\/div>\n\t\t\t\t\t<\/div>\n\t\t<\/section>\n\t\t\t\t<section class=\"elementor-section elementor-top-section elementor-element elementor-element-38a0313b elementor-section-boxed elementor-section-height-default elementor-section-height-default sc_fly_static\" data-id=\"38a0313b\" data-element_type=\"section\" data-settings=\"{&quot;background_background&quot;:&quot;classic&quot;}\">\n\t\t\t\t\t\t<div class=\"elementor-container elementor-column-gap-extended\">\n\t\t\t\t\t<div class=\"elementor-column elementor-col-100 elementor-top-column elementor-element elementor-element-52476443 sc_content_align_inherit sc_layouts_column_icons_position_left sc_fly_static\" data-id=\"52476443\" data-element_type=\"column\">\n\t\t\t<div class=\"elementor-widget-wrap elementor-element-populated\">\n\t\t\t\t\t\t<div class=\"elementor-element elementor-element-6351d37f sc_fly_static elementor-widget elementor-widget-text-editor\" data-id=\"6351d37f\" data-element_type=\"widget\" data-widget_type=\"text-editor.default\">\n\t\t\t\t<div class=\"elementor-widget-container\">\n\t\t\t\t\t\t\t\t\t<h5>4. D\u00e9clarations de politique g\u00e9n\u00e9rale<\/h5><p>Depuis 1997, BMB s'engage \u00e0 fournir les meilleurs services et solutions technologiques, y compris des services professionnels, des services de conseil et des services g\u00e9r\u00e9s.<\/p><p>Chez BMB, nous avons le devoir \u00e9thique, juridique et professionnel de veiller \u00e0 ce que les informations que nous d\u00e9tenons soient conformes aux principes de confidentialit\u00e9, d'int\u00e9grit\u00e9 et de disponibilit\u00e9.<\/p><p>Nous veillons \u00e0 ce que les informations que nous d\u00e9tenons ou dont nous sommes responsables soient prot\u00e9g\u00e9es, le cas \u00e9ch\u00e9ant, contre toute divulgation inappropri\u00e9e, qu'elles soient exactes, opportunes et attribuables, et qu'elles soient accessibles aux personnes autoris\u00e9es \u00e0 y acc\u00e9der.<\/p><p>La pr\u00e9sente politique de s\u00e9curit\u00e9 de l'information fournit le cadre dans lequel nous tenons compte de ces principes et o\u00f9 sont \u00e9tablis nos objectifs en mati\u00e8re de s\u00e9curit\u00e9 de l'information.<\/p><p>L'objectif premier de cette politique est de permettre \u00e0 l'ensemble du personnel et des parties prenantes de BMB de comprendre leurs responsabilit\u00e9s l\u00e9gales et \u00e9thiques en mati\u00e8re d'information et de leur donner les moyens de collecter, d'utiliser, de stocker et de distribuer l'information de mani\u00e8re appropri\u00e9e.<\/p><p>Chez BMB, nous nous engageons \u00e0 mettre en \u0153uvre notre syst\u00e8me de gestion de la s\u00e9curit\u00e9 de l'information et \u00e0 l'am\u00e9liorer en permanence.<\/p><p>Les principes d\u00e9finis dans cette politique seront appliqu\u00e9s \u00e0 tous les actifs informationnels physiques et \u00e9lectroniques dont BMB est responsable.<\/p><p>L'objectif de notre syst\u00e8me de gestion de la s\u00e9curit\u00e9 de l'information est le suivant :<br \/>- Fournir un cadre permettant d'\u00e9tablir des niveaux appropri\u00e9s d'objectifs de s\u00e9curit\u00e9 de l'information et de contr\u00f4les de s\u00e9curit\u00e9 pour tous les syst\u00e8mes d'information de la BMB (y compris, mais sans s'y limiter, tous les ordinateurs, appareils mobiles, \u00e9quipements de r\u00e9seau, logiciels et donn\u00e9es) et d'att\u00e9nuer les risques associ\u00e9s au vol, \u00e0 la perte, \u00e0 l'utilisation abusive, \u00e0 la d\u00e9t\u00e9rioration ou \u00e0 l'utilisation abusive de ces syst\u00e8mes.<br \/>- Fournir les ressources n\u00e9cessaires pour g\u00e9rer notre syst\u00e8me de gestion de la s\u00e9curit\u00e9 de l'information.<br \/>- S'assurer que les utilisateurs connaissent et respectent toutes les exigences l\u00e9gales et autres en vigueur et pertinentes.<br \/>- R\u00e9pondre au retour d'information et aux mises \u00e0 jour de mani\u00e8re appropri\u00e9e et efficace<\/p>\t\t\t\t\t\t\t\t<\/div>\n\t\t\t\t<\/div>\n\t\t\t\t<div class=\"elementor-element elementor-element-5db5750 sc_fly_static elementor-widget elementor-widget-spacer\" data-id=\"5db5750\" data-element_type=\"widget\" data-widget_type=\"spacer.default\">\n\t\t\t\t<div class=\"elementor-widget-container\">\n\t\t\t\t\t\t\t<div class=\"elementor-spacer\">\n\t\t\t<div class=\"elementor-spacer-inner\"><\/div>\n\t\t<\/div>\n\t\t\t\t\t\t<\/div>\n\t\t\t\t<\/div>\n\t\t\t\t\t<\/div>\n\t\t<\/div>\n\t\t\t\t\t<\/div>\n\t\t<\/section>\n\t\t<div class=\"elementor-element elementor-element-3c17708 e-flex e-con-boxed sc_layouts_column_icons_position_left e-con e-parent\" data-id=\"3c17708\" data-element_type=\"container\">\n\t\t\t\t\t<div class=\"e-con-inner\">\n\t\t\t\t<div class=\"elementor-element elementor-element-9abbb83 sc_fly_static elementor-widget elementor-widget-text-editor\" data-id=\"9abbb83\" data-element_type=\"widget\" data-widget_type=\"text-editor.default\">\n\t\t\t\t<div class=\"elementor-widget-container\">\n\t\t\t\t\t\t\t\t\t<h5>5. Mise \u00e0 jour et r\u00e9vision<\/h5><p>L'administrateur de l'IMS doit revoir la politique au moins une fois par an ou en cas de modification de la politique ou des proc\u00e9dures r\u00e9glementaires de BMB ou des exigences r\u00e9glementaires pertinentes.<\/p>\t\t\t\t\t\t\t\t<\/div>\n\t\t\t\t<\/div>\n\t\t\t\t\t<\/div>\n\t\t\t\t<\/div>\n\t\t<div class=\"elementor-element elementor-element-17eab8b e-flex e-con-boxed sc_layouts_column_icons_position_left e-con e-parent\" data-id=\"17eab8b\" data-element_type=\"container\">\n\t\t\t\t\t<div class=\"e-con-inner\">\n\t\t\t\t<div class=\"elementor-element elementor-element-9017db0 sc_fly_static elementor-widget elementor-widget-spacer\" data-id=\"9017db0\" data-element_type=\"widget\" data-widget_type=\"spacer.default\">\n\t\t\t\t<div class=\"elementor-widget-container\">\n\t\t\t\t\t\t\t<div class=\"elementor-spacer\">\n\t\t\t<div class=\"elementor-spacer-inner\"><\/div>\n\t\t<\/div>\n\t\t\t\t\t\t<\/div>\n\t\t\t\t<\/div>\n\t\t\t\t\t<\/div>\n\t\t\t\t<\/div>\n\t\t<div class=\"elementor-element elementor-element-3ac45cc e-flex e-con-boxed sc_layouts_column_icons_position_left e-con e-parent\" data-id=\"3ac45cc\" data-element_type=\"container\">\n\t\t\t\t\t<div class=\"e-con-inner\">\n\t\t\t\t<div class=\"elementor-element elementor-element-29096ee sc_fly_static elementor-widget elementor-widget-text-editor\" data-id=\"29096ee\" data-element_type=\"widget\" data-widget_type=\"text-editor.default\">\n\t\t\t\t<div class=\"elementor-widget-container\">\n\t\t\t\t\t\t\t\t\t<h5>6. Conformit\u00e9<\/h5><p>1. L'administrateur IMS veillera r\u00e9guli\u00e8rement \u00e0 ce que BMB respecte la pr\u00e9sente politique.<br \/>2. Tout le personnel de BMB doit se conformer \u00e0 cette politique.<br \/>3. Toute violation de cette politique peut faire l'objet d'une action disciplinaire conform\u00e9ment aux proc\u00e9dures du BMB.<\/p>\t\t\t\t\t\t\t\t<\/div>\n\t\t\t\t<\/div>\n\t\t\t\t\t<\/div>\n\t\t\t\t<\/div>\n\t\t\t\t<section class=\"elementor-section elementor-top-section elementor-element elementor-element-62204097 elementor-section-boxed elementor-section-height-default elementor-section-height-default sc_fly_static\" data-id=\"62204097\" data-element_type=\"section\">\n\t\t\t\t\t\t<div class=\"elementor-container elementor-column-gap-extended\">\n\t\t\t\t\t<div class=\"elementor-column elementor-col-100 elementor-top-column elementor-element elementor-element-2a4d759c sc_content_align_inherit sc_layouts_column_icons_position_left sc_fly_static\" data-id=\"2a4d759c\" data-element_type=\"column\">\n\t\t\t<div class=\"elementor-widget-wrap elementor-element-populated\">\n\t\t\t\t\t\t<div class=\"elementor-element elementor-element-3ee1a1c6 sc_fly_static elementor-widget elementor-widget-spacer\" data-id=\"3ee1a1c6\" data-element_type=\"widget\" data-widget_type=\"spacer.default\">\n\t\t\t\t<div class=\"elementor-widget-container\">\n\t\t\t\t\t\t\t<div class=\"elementor-spacer\">\n\t\t\t<div class=\"elementor-spacer-inner\"><\/div>\n\t\t<\/div>\n\t\t\t\t\t\t<\/div>\n\t\t\t\t<\/div>\n\t\t\t\t\t<\/div>\n\t\t<\/div>\n\t\t\t\t\t<\/div>\n\t\t<\/section>\n\t\t\t\t<\/div>","protected":false},"excerpt":{"rendered":"<p>1. Objet...<\/p>","protected":false},"author":1,"featured_media":0,"parent":0,"menu_order":0,"comment_status":"closed","ping_status":"closed","template":"","meta":{"footnotes":""},"class_list":["post-37416","page","type-page","status-publish","hentry"],"yoast_head":"<!-- This site is optimized with the Yoast SEO plugin v26.4 - https:\/\/yoast.com\/wordpress\/plugins\/seo\/ -->\n<title>Information Security Management Systems Policy (ISMS) - BMB Group<\/title>\n<meta name=\"robots\" content=\"index, follow, max-snippet:-1, max-image-preview:large, max-video-preview:-1\" \/>\n<link rel=\"canonical\" href=\"https:\/\/bmbgroup.com\/fr\/conformite-aux-ismes\/\" \/>\n<meta property=\"og:locale\" content=\"fr_FR\" \/>\n<meta property=\"og:type\" content=\"article\" \/>\n<meta property=\"og:title\" content=\"Information Security Management Systems Policy (ISMS) - BMB Group\" \/>\n<meta property=\"og:description\" content=\"1. Purpose&hellip;\" \/>\n<meta property=\"og:url\" content=\"https:\/\/bmbgroup.com\/fr\/conformite-aux-ismes\/\" \/>\n<meta property=\"og:site_name\" content=\"BMB Group\" \/>\n<meta property=\"article:modified_time\" content=\"2025-10-21T09:09:10+00:00\" \/>\n<meta name=\"twitter:card\" content=\"summary_large_image\" \/>\n<meta name=\"twitter:label1\" content=\"Dur\u00e9e de lecture estim\u00e9e\" \/>\n\t<meta name=\"twitter:data1\" content=\"3 minutes\" \/>\n<script type=\"application\/ld+json\" class=\"yoast-schema-graph\">{\"@context\":\"https:\/\/schema.org\",\"@graph\":[{\"@type\":\"WebPage\",\"@id\":\"https:\/\/bmbgroup.com\/fr\/conformite-aux-ismes\/\",\"url\":\"https:\/\/bmbgroup.com\/fr\/conformite-aux-ismes\/\",\"name\":\"Information Security Management Systems Policy (ISMS) - BMB Group\",\"isPartOf\":{\"@id\":\"https:\/\/bmbgroup.com\/#website\"},\"datePublished\":\"2025-10-21T08:43:50+00:00\",\"dateModified\":\"2025-10-21T09:09:10+00:00\",\"breadcrumb\":{\"@id\":\"https:\/\/bmbgroup.com\/fr\/conformite-aux-ismes\/#breadcrumb\"},\"inLanguage\":\"fr-FR\",\"potentialAction\":[{\"@type\":\"ReadAction\",\"target\":[\"https:\/\/bmbgroup.com\/fr\/conformite-aux-ismes\/\"]}]},{\"@type\":\"BreadcrumbList\",\"@id\":\"https:\/\/bmbgroup.com\/fr\/conformite-aux-ismes\/#breadcrumb\",\"itemListElement\":[{\"@type\":\"ListItem\",\"position\":1,\"name\":\"Home\",\"item\":\"https:\/\/bmbgroup.com\/\"},{\"@type\":\"ListItem\",\"position\":2,\"name\":\"Information Security Management Systems Policy (ISMS)\"}]},{\"@type\":\"WebSite\",\"@id\":\"https:\/\/bmbgroup.com\/#website\",\"url\":\"https:\/\/bmbgroup.com\/\",\"name\":\"BMB Group\",\"description\":\"Global Solutions Provider, Innovator and Advisor\",\"publisher\":{\"@id\":\"https:\/\/bmbgroup.com\/#organization\"},\"potentialAction\":[{\"@type\":\"SearchAction\",\"target\":{\"@type\":\"EntryPoint\",\"urlTemplate\":\"https:\/\/bmbgroup.com\/?s={search_term_string}\"},\"query-input\":{\"@type\":\"PropertyValueSpecification\",\"valueRequired\":true,\"valueName\":\"search_term_string\"}}],\"inLanguage\":\"fr-FR\"},{\"@type\":\"Organization\",\"@id\":\"https:\/\/bmbgroup.com\/#organization\",\"name\":\"BMB Group\",\"url\":\"https:\/\/bmbgroup.com\/\",\"logo\":{\"@type\":\"ImageObject\",\"inLanguage\":\"fr-FR\",\"@id\":\"https:\/\/bmbgroup.com\/#\/schema\/logo\/image\/\",\"url\":\"https:\/\/bmbgroup.com\/wp-content\/uploads\/2024\/10\/bmb-logo-white-final.png\",\"contentUrl\":\"https:\/\/bmbgroup.com\/wp-content\/uploads\/2024\/10\/bmb-logo-white-final.png\",\"width\":954,\"height\":407,\"caption\":\"BMB Group\"},\"image\":{\"@id\":\"https:\/\/bmbgroup.com\/#\/schema\/logo\/image\/\"}}]}<\/script>\n<!-- \/ Yoast SEO plugin. -->","yoast_head_json":{"title":"Politique relative aux syst\u00e8mes de gestion de la s\u00e9curit\u00e9 de l'information (SGSI) - Groupe BMB","robots":{"index":"index","follow":"follow","max-snippet":"max-snippet:-1","max-image-preview":"max-image-preview:large","max-video-preview":"max-video-preview:-1"},"canonical":"https:\/\/bmbgroup.com\/fr\/conformite-aux-ismes\/","og_locale":"fr_FR","og_type":"article","og_title":"Information Security Management Systems Policy (ISMS) - BMB Group","og_description":"1. Purpose&hellip;","og_url":"https:\/\/bmbgroup.com\/fr\/conformite-aux-ismes\/","og_site_name":"BMB Group","article_modified_time":"2025-10-21T09:09:10+00:00","twitter_card":"summary_large_image","twitter_misc":{"Dur\u00e9e de lecture estim\u00e9e":"3 minutes"},"schema":{"@context":"https:\/\/schema.org","@graph":[{"@type":"WebPage","@id":"https:\/\/bmbgroup.com\/fr\/conformite-aux-ismes\/","url":"https:\/\/bmbgroup.com\/fr\/conformite-aux-ismes\/","name":"Politique relative aux syst\u00e8mes de gestion de la s\u00e9curit\u00e9 de l'information (SGSI) - Groupe BMB","isPartOf":{"@id":"https:\/\/bmbgroup.com\/#website"},"datePublished":"2025-10-21T08:43:50+00:00","dateModified":"2025-10-21T09:09:10+00:00","breadcrumb":{"@id":"https:\/\/bmbgroup.com\/fr\/conformite-aux-ismes\/#breadcrumb"},"inLanguage":"fr-FR","potentialAction":[{"@type":"ReadAction","target":["https:\/\/bmbgroup.com\/fr\/conformite-aux-ismes\/"]}]},{"@type":"BreadcrumbList","@id":"https:\/\/bmbgroup.com\/fr\/conformite-aux-ismes\/#breadcrumb","itemListElement":[{"@type":"ListItem","position":1,"name":"Home","item":"https:\/\/bmbgroup.com\/"},{"@type":"ListItem","position":2,"name":"Information Security Management Systems Policy (ISMS)"}]},{"@type":"WebSite","@id":"https:\/\/bmbgroup.com\/#website","url":"https:\/\/bmbgroup.com\/","name":"BMB France","description":"Experts cybers\u00e9curit\u00e9 certifi\u00e9 Passi","publisher":{"@id":"https:\/\/bmbgroup.com\/#organization"},"potentialAction":[{"@type":"SearchAction","target":{"@type":"EntryPoint","urlTemplate":"https:\/\/bmbgroup.com\/?s={search_term_string}"},"query-input":{"@type":"PropertyValueSpecification","valueRequired":true,"valueName":"search_term_string"}}],"inLanguage":"fr-FR"},{"@type":"Organization","@id":"https:\/\/bmbgroup.com\/#organization","name":"BMB France","url":"https:\/\/bmbgroup.com\/","logo":{"@type":"ImageObject","inLanguage":"fr-FR","@id":"https:\/\/bmbgroup.com\/#\/schema\/logo\/image\/","url":"https:\/\/bmbgroup.com\/wp-content\/uploads\/2024\/10\/bmb-logo-white-final.png","contentUrl":"https:\/\/bmbgroup.com\/wp-content\/uploads\/2024\/10\/bmb-logo-white-final.png","width":954,"height":407,"caption":"BMB Group"},"image":{"@id":"https:\/\/bmbgroup.com\/#\/schema\/logo\/image\/"}}]}},"_links":{"self":[{"href":"https:\/\/bmbgroup.com\/fr\/wp-json\/wp\/v2\/pages\/37416","targetHints":{"allow":["GET"]}}],"collection":[{"href":"https:\/\/bmbgroup.com\/fr\/wp-json\/wp\/v2\/pages"}],"about":[{"href":"https:\/\/bmbgroup.com\/fr\/wp-json\/wp\/v2\/types\/page"}],"author":[{"embeddable":true,"href":"https:\/\/bmbgroup.com\/fr\/wp-json\/wp\/v2\/users\/1"}],"replies":[{"embeddable":true,"href":"https:\/\/bmbgroup.com\/fr\/wp-json\/wp\/v2\/comments?post=37416"}],"version-history":[{"count":8,"href":"https:\/\/bmbgroup.com\/fr\/wp-json\/wp\/v2\/pages\/37416\/revisions"}],"predecessor-version":[{"id":37426,"href":"https:\/\/bmbgroup.com\/fr\/wp-json\/wp\/v2\/pages\/37416\/revisions\/37426"}],"wp:attachment":[{"href":"https:\/\/bmbgroup.com\/fr\/wp-json\/wp\/v2\/media?parent=37416"}],"curies":[{"name":"wp","href":"https:\/\/api.w.org\/{rel}","templated":true}]}}