
{"id":38169,"date":"2026-02-26T11:12:59","date_gmt":"2026-02-26T11:12:59","guid":{"rendered":"https:\/\/bmbgroup.com\/?page_id=38169"},"modified":"2026-03-17T13:43:47","modified_gmt":"2026-03-17T13:43:47","slug":"campagne-cyber-bmb-france","status":"publish","type":"page","link":"https:\/\/bmbgroup.com\/fr\/campagne-cyber-bmb-france\/","title":{"rendered":"Campagne Cyber BMB France"},"content":{"rendered":"<div data-elementor-type=\"wp-page\" data-elementor-id=\"38169\" class=\"elementor elementor-38169\">\n\t\t\t\t<div class=\"e-con-with-custom-width elementor-element elementor-element-a4de5e0 e-con-full e-flex sc_layouts_column_icons_position_left e-con e-parent\" data-id=\"a4de5e0\" data-element_type=\"container\">\n\t\t\t\t<div class=\"elementor-element elementor-element-46e153c sc_fly_static elementor-widget elementor-widget-trx_sc_layouts_logo\" data-id=\"46e153c\" data-element_type=\"widget\" data-widget_type=\"trx_sc_layouts_logo.default\">\n\t\t\t\t<div class=\"elementor-widget-container\">\n\t\t\t\t\t<a href=\"https:\/\/bmbgroup.com\/fr\/\"\n\t\tclass=\"sc_layouts_logo sc_layouts_logo_default trx_addons_inline_1083280075\" ><img fetchpriority=\"high\" class=\"logo_image\"\n\t\t\t\t\tsrc=\"\/\/bmbgroup.com\/wp-content\/uploads\/2026\/03\/bmb-white-logo-france.png\"\n\t\t\t\t\t\t\t\t\t\talt=\"BMB France\" width=\"954\" height=\"407\"><\/a>\t\t\t\t<\/div>\n\t\t\t\t<\/div>\n\t\t\t\t<\/div>\n\t\t\t\t<section class=\"elementor-section elementor-top-section elementor-element elementor-element-ef49a83 elementor-section-full_width elementor-section-stretched elementor-section-height-default elementor-section-height-default sc_fly_static\" data-id=\"ef49a83\" data-element_type=\"section\" data-settings=\"{&quot;background_background&quot;:&quot;classic&quot;,&quot;stretch_section&quot;:&quot;section-stretched&quot;}\">\n\t\t\t\t\t\t<div class=\"elementor-container elementor-column-gap-extended\">\n\t\t\t\t\t<div class=\"elementor-column elementor-col-100 elementor-top-column elementor-element elementor-element-7cd6af5 sc_content_align_inherit sc_layouts_column_icons_position_left sc_fly_static\" data-id=\"7cd6af5\" data-element_type=\"column\">\n\t\t\t<div class=\"elementor-widget-wrap elementor-element-populated\">\n\t\t\t\t\t\t<div class=\"elementor-element elementor-element-59fd066 elementor-widget__width-inherit elementor--h-position-center elementor--v-position-middle elementor-arrows-position-inside elementor-pagination-position-inside sc_fly_static elementor-widget elementor-widget-slides\" data-id=\"59fd066\" data-element_type=\"widget\" data-settings=\"{&quot;navigation&quot;:&quot;both&quot;,&quot;autoplay&quot;:&quot;yes&quot;,&quot;pause_on_hover&quot;:&quot;yes&quot;,&quot;pause_on_interaction&quot;:&quot;yes&quot;,&quot;autoplay_speed&quot;:5000,&quot;infinite&quot;:&quot;yes&quot;,&quot;transition&quot;:&quot;slide&quot;,&quot;transition_speed&quot;:500}\" data-widget_type=\"slides.default\">\n\t\t\t\t<div class=\"elementor-widget-container\">\n\t\t\t\t\t\t\t<div class=\"elementor-swiper\">\r\n\t\t\t<div class=\"elementor-slides-wrapper elementor-main-swiper swiper-container\" dir=\"ltr\" data-animation=\"\">\r\n\t\t\t\t<div class=\"swiper-wrapper elementor-slides\">\r\n\t\t\t\t\t\t\t\t\t\t<div class=\"elementor-repeater-item-36aa09a swiper-slide\"><div class=\"swiper-slide-bg\"><\/div><div class=\"swiper-slide-inner\" ><div class=\"swiper-slide-contents\"><\/div><\/div><\/div>\t\t\t\t<\/div>\r\n\t\t\t\t\t\t\t<\/div>\r\n\t\t<\/div>\r\n\t\t\t\t\t\t<\/div>\n\t\t\t\t<\/div>\n\t\t\t\t\t<\/div>\n\t\t<\/div>\n\t\t\t\t\t<\/div>\n\t\t<\/section>\n\t\t<div class=\"elementor-element elementor-element-b5220e6 e-flex e-con-boxed sc_layouts_column_icons_position_left e-con e-parent\" data-id=\"b5220e6\" data-element_type=\"container\">\n\t\t\t\t\t<div class=\"e-con-inner\">\n\t\t\t\t<div class=\"elementor-element elementor-element-24197a8 sc_fly_static elementor-widget elementor-widget-spacer\" data-id=\"24197a8\" data-element_type=\"widget\" data-widget_type=\"spacer.default\">\n\t\t\t\t<div class=\"elementor-widget-container\">\n\t\t\t\t\t\t\t<div class=\"elementor-spacer\">\n\t\t\t<div class=\"elementor-spacer-inner\"><\/div>\n\t\t<\/div>\n\t\t\t\t\t\t<\/div>\n\t\t\t\t<\/div>\n\t\t\t\t\t<\/div>\n\t\t\t\t<\/div>\n\t\t<div class=\"elementor-element elementor-element-975034a e-grid e-con-boxed sc_layouts_column_icons_position_left e-con e-parent\" data-id=\"975034a\" data-element_type=\"container\">\n\t\t\t\t\t<div class=\"e-con-inner\">\n\t\t<div class=\"elementor-element elementor-element-c3c452f e-con-full e-flex sc_layouts_column_icons_position_left e-con e-child\" data-id=\"c3c452f\" data-element_type=\"container\">\n\t\t\t\t<div class=\"elementor-element elementor-element-038a4a1 sc_fly_static elementor-widget elementor-widget-heading\" data-id=\"038a4a1\" data-element_type=\"widget\" data-widget_type=\"heading.default\">\n\t\t\t\t<div class=\"elementor-widget-container\">\n\t\t\t\t\t<h2 class=\"elementor-heading-title elementor-size-default\">Booster ma cybers\u00e9curit\u00e9<\/h2>\t\t\t\t<\/div>\n\t\t\t\t<\/div>\n\t\t\t\t<div class=\"elementor-element elementor-element-ab7dabd sc_fly_static elementor-widget elementor-widget-spacer\" data-id=\"ab7dabd\" data-element_type=\"widget\" data-widget_type=\"spacer.default\">\n\t\t\t\t<div class=\"elementor-widget-container\">\n\t\t\t\t\t\t\t<div class=\"elementor-spacer\">\n\t\t\t<div class=\"elementor-spacer-inner\"><\/div>\n\t\t<\/div>\n\t\t\t\t\t\t<\/div>\n\t\t\t\t<\/div>\n\t\t\t\t<div class=\"elementor-element elementor-element-64932d8 elementor-widget__width-inherit sc_fly_static elementor-widget elementor-widget-trx_sc_title\" data-id=\"64932d8\" data-element_type=\"widget\" data-widget_type=\"trx_sc_title.default\">\n\t\t\t\t<div class=\"elementor-widget-container\">\n\t\t\t\t\t<div\t\tclass=\"sc_title sc_title_default\" ><h5 class=\"sc_item_title sc_title_title sc_align_left sc_item_title_style_default sc_item_title_tag sc_typed\"\n\t\t\t><span class=\"sc_item_title_text\">BMB France est un cabinet de conseil\u00a0<\/span><span class=\"sc_item_title_text2\">certifi\u00e9 PASSI<\/span><span class=\"sc_item_title_text\">, sp\u00e9cialis\u00e9 en cybers\u00e9curit\u00e9. <\/span><span class=\"sc_item_title_text2\">Pionniers et innovateurs<\/span><span class=\"sc_item_title_text\">, nous accompagnons nos clients \u00e0 travers une large gamme de services adapt\u00e9s aux enjeux actuels de s\u00e9curit\u00e9 num\u00e9rique.<\/span><\/h5><\/div>\t\t\t\t<\/div>\n\t\t\t\t<\/div>\n\t\t\t\t<div class=\"elementor-element elementor-element-5c20bc3 sc_fly_static elementor-widget elementor-widget-shortcode\" data-id=\"5c20bc3\" data-element_type=\"widget\" data-widget_type=\"shortcode.default\">\n\t\t\t\t<div class=\"elementor-widget-container\">\n\t\t\t\t\t\t\t<div class=\"elementor-shortcode\"><ld-slot name=\"ask-us-anything-fr\" ><\/ld-slot><\/div>\n\t\t\t\t\t\t<\/div>\n\t\t\t\t<\/div>\n\t\t\t\t<\/div>\n\t\t<div class=\"elementor-element elementor-element-5b45501 e-con-full e-flex sc_layouts_column_icons_position_left e-con e-child\" data-id=\"5b45501\" data-element_type=\"container\">\n\t\t\t\t<div class=\"elementor-element elementor-element-1c067b7 sc_fly_static elementor-widget elementor-widget-trx_sc_contact_form_7\" data-id=\"1c067b7\" data-element_type=\"widget\" data-widget_type=\"trx_sc_contact_form_7.default\">\n\t\t\t\t<div class=\"elementor-widget-container\">\n\t\t\t\t\t\n<div class=\"wpcf7 no-js\" id=\"wpcf7-f38172-o1\" lang=\"en-US\" dir=\"ltr\" data-wpcf7-id=\"38172\">\n<div class=\"screen-reader-response\"><p role=\"status\" aria-live=\"polite\" aria-atomic=\"true\"><\/p> <ul><\/ul><\/div>\n<form action=\"\/fr\/wp-json\/wp\/v2\/pages\/38169#wpcf7-f38172-o1\" method=\"post\" class=\"wpcf7-form init\" aria-label=\"Formulaire de contact\" novalidate=\"novalidate\" data-status=\"init\" data-trp-original-action=\"\/fr\/wp-json\/wp\/v2\/pages\/38169#wpcf7-f38172-o1\">\n<fieldset class=\"hidden-fields-container\"><input type=\"hidden\" name=\"_wpcf7\" value=\"38172\" \/><input type=\"hidden\" name=\"_wpcf7_version\" value=\"6.1.1\" \/><input type=\"hidden\" name=\"_wpcf7_locale\" value=\"en_US\" \/><input type=\"hidden\" name=\"_wpcf7_unit_tag\" value=\"wpcf7-f38172-o1\" \/><input type=\"hidden\" name=\"_wpcf7_container_post\" value=\"0\" \/><input type=\"hidden\" name=\"_wpcf7_posted_data_hash\" value=\"\" \/><input type=\"hidden\" name=\"_wpcf7_recaptcha_response\" value=\"\" \/>\n<\/fieldset>\n<div class=\"columns_wrap margin-bottom\">\n\t<h2 style=\"margin-bottom: 50px;\"> Nous contacter\n\t<\/h2>\n<\/div>\n<div class=\"form-style-1\">\n\t<div class=\"columns_wrap\">\n\t\t<div class=\"column-1_2\">\n\t\t\t<p><span class=\"style-line icon-name\"><span class=\"wpcf7-form-control-wrap\" data-name=\"your-name\"><input size=\"40\" maxlength=\"400\" class=\"wpcf7-form-control wpcf7-text wpcf7-validates-as-required\" aria-required=\"true\" aria-invalid=\"false\" placeholder=\"Nom complet\" value=\"\" type=\"text\" name=\"your-name\" \/><\/span><\/span>\n\t\t\t<\/p>\n\t\t<\/div>\n\t<\/div>\n\t<div class=\"columns_wrap\">\n\t\t<div class=\"column-1_2\">\n\t\t\t<p><span class=\"style-line icon-name\"><span class=\"wpcf7-form-control-wrap\" data-name=\"number-900\"><input class=\"wpcf7-form-control wpcf7-number wpcf7-validates-as-required wpcf7-validates-as-number\" aria-required=\"true\" aria-invalid=\"false\" placeholder=\"Num\u00e9ro de t\u00e9l\u00e9phone\" value=\"\" type=\"number\" name=\"number-900\" \/><\/span><\/span>\n\t\t\t<\/p>\n\t\t<\/div>\n\t<\/div>\n\t<div class=\"columns_wrap\">\n\t\t<div class=\"column-1_2\">\n\t\t\t<p><span class=\"style-line icon-email\"><span class=\"wpcf7-form-control-wrap\" data-name=\"your-email\"><input size=\"40\" maxlength=\"400\" class=\"wpcf7-form-control wpcf7-email wpcf7-validates-as-required wpcf7-text wpcf7-validates-as-email\" aria-required=\"true\" aria-invalid=\"false\" placeholder=\"Adresse email professionnelle\" value=\"\" type=\"email\" name=\"your-email\" \/><\/span><\/span>\n\t\t\t<\/p>\n\t\t<\/div>\n\t<\/div>\n<\/div>\n<p><input class=\"wpcf7-form-control wpcf7-submit has-spinner\" type=\"submit\" value=\"Envoyer\" \/><br \/>\n<\/p><div class=\"wpcf7-response-output\" aria-hidden=\"true\"><\/div>\n<input type=\"hidden\" name=\"trp-form-language\" value=\"fr\"\/><\/form>\n<\/div>\n\t\t\t\t<\/div>\n\t\t\t\t<\/div>\n\t\t\t\t<\/div>\n\t\t\t\t\t<\/div>\n\t\t\t\t<\/div>\n\t\t<div class=\"elementor-element elementor-element-9045b5a e-flex e-con-boxed sc_layouts_column_icons_position_left e-con e-parent\" data-id=\"9045b5a\" data-element_type=\"container\">\n\t\t\t\t\t<div class=\"e-con-inner\">\n\t\t\t\t<div class=\"elementor-element elementor-element-071c54e sc_fly_static elementor-widget elementor-widget-spacer\" data-id=\"071c54e\" data-element_type=\"widget\" data-widget_type=\"spacer.default\">\n\t\t\t\t<div class=\"elementor-widget-container\">\n\t\t\t\t\t\t\t<div class=\"elementor-spacer\">\n\t\t\t<div class=\"elementor-spacer-inner\"><\/div>\n\t\t<\/div>\n\t\t\t\t\t\t<\/div>\n\t\t\t\t<\/div>\n\t\t\t\t\t<\/div>\n\t\t\t\t<\/div>\n\t\t<div class=\"elementor-element elementor-element-cad8943 e-grid e-con-boxed sc_layouts_column_icons_position_left e-con e-parent\" data-id=\"cad8943\" data-element_type=\"container\">\n\t\t\t\t\t<div class=\"e-con-inner\">\n\t\t\t\t<div class=\"elementor-element elementor-element-3357382 sc_fly_static elementor-widget elementor-widget-trx_sc_title\" data-id=\"3357382\" data-element_type=\"widget\" data-widget_type=\"trx_sc_title.default\">\n\t\t\t\t<div class=\"elementor-widget-container\">\n\t\t\t\t\t<div\t\tclass=\"sc_title sc_title_accent\" ><span class=\"sc_item_subtitle sc_title_subtitle sc_item_subtitle_above sc_item_title_style_accent\">Cybers\u00e9curit\u00e9<\/span><h2 class=\"sc_item_title sc_title_title sc_item_title_style_accent\"\n\t\t\t><span class=\"sc_item_title_text\">Audit Organisationnel et Physique<\/span><\/h2><div class=\"sc_item_descr sc_title_descr sc_item_descr_with_custom_color trx_addons_inline_1520759900\"><p>RGPD, Guide d'hygi\u00e8ne informatique de l'ANSSI, DORA, NIS2, ISO 27001, ISO 27005, ISO 22301, EBIOS RM, PCA\/PRA, HDS, HIPAA, NIST, PCI DSS<\/p>\n<\/div><\/div>\t\t\t\t<\/div>\n\t\t\t\t<\/div>\n\t\t\t\t<div class=\"elementor-element elementor-element-d883a72 sc_fly_static elementor-widget elementor-widget-trx_sc_title\" data-id=\"d883a72\" data-element_type=\"widget\" data-widget_type=\"trx_sc_title.default\">\n\t\t\t\t<div class=\"elementor-widget-container\">\n\t\t\t\t\t<div\t\tclass=\"sc_title sc_title_accent\" ><span class=\"sc_item_subtitle sc_title_subtitle sc_item_subtitle_above sc_item_title_style_accent\">Cybers\u00e9curit\u00e9<\/span><h2 class=\"sc_item_title sc_title_title sc_item_title_style_accent\"\n\t\t\t><span class=\"sc_item_title_text\">Technique d'audit<\/span><\/h2><div class=\"sc_item_descr sc_title_descr sc_item_descr_with_custom_color trx_addons_inline_599478252\"><p>Test d'intrusion (en bo\u00eete noire, grise et blanche) - Red team, Blue team, Purple team - Audit d'architecture - Audit de code source - Audit de configuration - Analyse forensique (Analyse num\u00e9rique et r\u00e9ponse aux incidents)<\/p>\n<\/div><\/div>\t\t\t\t<\/div>\n\t\t\t\t<\/div>\n\t\t\t\t\t<\/div>\n\t\t\t\t<\/div>\n\t\t<div class=\"elementor-element elementor-element-1f2e4c5 e-grid e-con-boxed sc_layouts_column_icons_position_left e-con e-parent\" data-id=\"1f2e4c5\" data-element_type=\"container\">\n\t\t\t\t\t<div class=\"e-con-inner\">\n\t\t\t\t<div class=\"elementor-element elementor-element-443eed2 sc_fly_static elementor-widget elementor-widget-trx_sc_title\" data-id=\"443eed2\" data-element_type=\"widget\" data-widget_type=\"trx_sc_title.default\">\n\t\t\t\t<div class=\"elementor-widget-container\">\n\t\t\t\t\t<div\t\tclass=\"sc_title sc_title_accent\" ><span class=\"sc_item_subtitle sc_title_subtitle sc_item_subtitle_above sc_item_title_style_accent\">Cybers\u00e9curit\u00e9<\/span><h2 class=\"sc_item_title sc_title_title sc_item_title_style_accent\"\n\t\t\t><span class=\"sc_item_title_text\">Formation et Sensibilisation<\/span><\/h2><div class=\"sc_item_descr sc_title_descr sc_item_descr_with_custom_color trx_addons_inline_1929924310\"><p>Former vos \u00e9quipes aux bonnes pratiques cybers\u00e9curit\u00e9 (ANSSI) et mener des campagnes de phishing automatis\u00e9es pour renforcer les r\u00e9flexes s\u00e9curit\u00e9 \u00e0 tous les niveaux<\/p>\n<\/div><\/div>\t\t\t\t<\/div>\n\t\t\t\t<\/div>\n\t\t\t\t\t<\/div>\n\t\t\t\t<\/div>\n\t\t<div class=\"elementor-element elementor-element-3847013 e-flex e-con-boxed sc_layouts_column_icons_position_left e-con e-parent\" data-id=\"3847013\" data-element_type=\"container\">\n\t\t\t\t\t<div class=\"e-con-inner\">\n\t\t\t\t<div class=\"elementor-element elementor-element-43b77ff sc_fly_static elementor-widget elementor-widget-trx_sc_title\" data-id=\"43b77ff\" data-element_type=\"widget\" data-widget_type=\"trx_sc_title.default\">\n\t\t\t\t<div class=\"elementor-widget-container\">\n\t\t\t\t\t<div\t\tclass=\"sc_title sc_title_accent\" ><span class=\"sc_item_subtitle sc_title_subtitle sc_item_subtitle_above sc_item_title_style_accent\">Cybers\u00e9curit\u00e9<\/span><h2 class=\"sc_item_title sc_title_title sc_item_title_style_accent\"\n\t\t\t><span class=\"sc_item_title_text\">RSSI en tant que service<\/span><\/h2><div class=\"sc_item_descr sc_title_descr sc_item_descr_with_custom_color trx_addons_inline_1301940264\"><p>Mettre \u00e0 votre disposition un RSSI externalis\u00e9 pour piloter votre strat\u00e9gie cybers\u00e9curit\u00e9, avec une expertise sur-mesure et des conseils align\u00e9s sur vos enjeux<\/p>\n<\/div><\/div>\t\t\t\t<\/div>\n\t\t\t\t<\/div>\n\t\t\t\t<div class=\"elementor-element elementor-element-785da20 sc_fly_static elementor-widget elementor-widget-trx_sc_title\" data-id=\"785da20\" data-element_type=\"widget\" data-widget_type=\"trx_sc_title.default\">\n\t\t\t\t<div class=\"elementor-widget-container\">\n\t\t\t\t\t<div\t\tclass=\"sc_title sc_title_accent\" ><span class=\"sc_item_subtitle sc_title_subtitle sc_item_subtitle_above sc_item_title_style_accent\">Cybers\u00e9curit\u00e9<\/span><h2 class=\"sc_item_title sc_title_title sc_item_title_style_accent\"\n\t\t\t><span class=\"sc_item_title_text\">Services de S\u00e9curit\u00e9 Manag\u00e9s (MSSP)<\/span><\/h2><div class=\"sc_item_descr sc_title_descr sc_item_descr_with_custom_color trx_addons_inline_365298318\"><p>Une gamme de services de s\u00e9curit\u00e9 g\u00e9r\u00e9s pour renforcer la protection de votre entreprise face aux cybermenaces, en s\u00e9curisant vos syst\u00e8mes, r\u00e9seaux et donn\u00e9es<\/p>\n<\/div><\/div>\t\t\t\t<\/div>\n\t\t\t\t<\/div>\n\t\t\t\t\t<\/div>\n\t\t\t\t<\/div>\n\t\t<div class=\"elementor-element elementor-element-bb0d015 e-flex e-con-boxed sc_layouts_column_icons_position_left e-con e-parent\" data-id=\"bb0d015\" data-element_type=\"container\">\n\t\t\t\t\t<div class=\"e-con-inner\">\n\t\t\t\t<div class=\"elementor-element elementor-element-9058666 sc_fly_static elementor-widget elementor-widget-spacer\" data-id=\"9058666\" data-element_type=\"widget\" data-widget_type=\"spacer.default\">\n\t\t\t\t<div class=\"elementor-widget-container\">\n\t\t\t\t\t\t\t<div class=\"elementor-spacer\">\n\t\t\t<div class=\"elementor-spacer-inner\"><\/div>\n\t\t<\/div>\n\t\t\t\t\t\t<\/div>\n\t\t\t\t<\/div>\n\t\t\t\t\t<\/div>\n\t\t\t\t<\/div>\n\t\t<div class=\"elementor-element elementor-element-95084d0 e-flex e-con-boxed sc_layouts_column_icons_position_left e-con e-parent\" data-id=\"95084d0\" data-element_type=\"container\">\n\t\t\t\t\t<div class=\"e-con-inner\">\n\t\t\t\t<div class=\"elementor-element elementor-element-180e79a elementor-widget__width-inherit sc_fly_static elementor-widget elementor-widget-trx_sc_title\" data-id=\"180e79a\" data-element_type=\"widget\" data-widget_type=\"trx_sc_title.default\">\n\t\t\t\t<div class=\"elementor-widget-container\">\n\t\t\t\t\t<div\t\tclass=\"sc_title sc_title_default\" ><h1 class=\"sc_item_title sc_title_title sc_align_left sc_item_title_style_default sc_item_title_tag sc_typed\"\n\t\t\t><span class=\"sc_item_title_text\">D\u00e9couvrez comment nos solutions de <\/span><span class=\"sc_item_title_text2\">cybers\u00e9curit\u00e9<\/span><span class=\"sc_item_title_text\"> vous permettent de s\u00e9curiser votre entreprise, de prot\u00e9ger <\/span><span class=\"sc_item_title_text2\">les donn\u00e9es de vos clients<\/span><span class=\"sc_item_title_text\"> et de r\u00e9pondre aux exigences de gouvernance et de conformit\u00e9.<\/span><\/h1><\/div>\t\t\t\t<\/div>\n\t\t\t\t<\/div>\n\t\t\t\t\t<\/div>\n\t\t\t\t<\/div>\n\t\t\t\t<\/div>","protected":false},"excerpt":{"rendered":"<p>Booster ma&hellip;<\/p>","protected":false},"author":1,"featured_media":0,"parent":0,"menu_order":0,"comment_status":"closed","ping_status":"closed","template":"elementor_header_footer","meta":{"footnotes":""},"class_list":["post-38169","page","type-page","status-publish","hentry"],"yoast_head":"<!-- This site is optimized with the Yoast SEO plugin v26.4 - https:\/\/yoast.com\/wordpress\/plugins\/seo\/ -->\n<title>Campagne Cyber BMB France - BMB Group<\/title>\n<meta name=\"robots\" content=\"index, follow, max-snippet:-1, max-image-preview:large, max-video-preview:-1\" \/>\n<link rel=\"canonical\" href=\"https:\/\/bmbgroup.com\/fr\/campagne-cyber-bmb-france\/\" \/>\n<meta property=\"og:locale\" content=\"fr_FR\" \/>\n<meta property=\"og:type\" content=\"article\" \/>\n<meta property=\"og:title\" content=\"Campagne Cyber BMB France - BMB Group\" \/>\n<meta property=\"og:description\" content=\"Booster ma&hellip;\" \/>\n<meta property=\"og:url\" content=\"https:\/\/bmbgroup.com\/fr\/campagne-cyber-bmb-france\/\" \/>\n<meta property=\"og:site_name\" content=\"BMB Group\" \/>\n<meta property=\"article:modified_time\" content=\"2026-03-17T13:43:47+00:00\" \/>\n<meta name=\"twitter:card\" content=\"summary_large_image\" \/>\n<meta name=\"twitter:label1\" content=\"Dur\u00e9e de lecture estim\u00e9e\" \/>\n\t<meta name=\"twitter:data1\" content=\"2 minutes\" \/>\n<script type=\"application\/ld+json\" class=\"yoast-schema-graph\">{\"@context\":\"https:\/\/schema.org\",\"@graph\":[{\"@type\":\"WebPage\",\"@id\":\"https:\/\/bmbgroup.com\/fr\/campagne-cyber-bmb-france\/\",\"url\":\"https:\/\/bmbgroup.com\/fr\/campagne-cyber-bmb-france\/\",\"name\":\"Campagne Cyber BMB France - BMB Group\",\"isPartOf\":{\"@id\":\"https:\/\/bmbgroup.com\/#website\"},\"datePublished\":\"2026-02-26T11:12:59+00:00\",\"dateModified\":\"2026-03-17T13:43:47+00:00\",\"breadcrumb\":{\"@id\":\"https:\/\/bmbgroup.com\/fr\/campagne-cyber-bmb-france\/#breadcrumb\"},\"inLanguage\":\"fr-FR\",\"potentialAction\":[{\"@type\":\"ReadAction\",\"target\":[\"https:\/\/bmbgroup.com\/fr\/campagne-cyber-bmb-france\/\"]}]},{\"@type\":\"BreadcrumbList\",\"@id\":\"https:\/\/bmbgroup.com\/fr\/campagne-cyber-bmb-france\/#breadcrumb\",\"itemListElement\":[{\"@type\":\"ListItem\",\"position\":1,\"name\":\"Home\",\"item\":\"https:\/\/bmbgroup.com\/\"},{\"@type\":\"ListItem\",\"position\":2,\"name\":\"Campagne Cyber BMB France\"}]},{\"@type\":\"WebSite\",\"@id\":\"https:\/\/bmbgroup.com\/#website\",\"url\":\"https:\/\/bmbgroup.com\/\",\"name\":\"BMB Group\",\"description\":\"Global Solutions Provider, Innovator and Advisor\",\"publisher\":{\"@id\":\"https:\/\/bmbgroup.com\/#organization\"},\"potentialAction\":[{\"@type\":\"SearchAction\",\"target\":{\"@type\":\"EntryPoint\",\"urlTemplate\":\"https:\/\/bmbgroup.com\/?s={search_term_string}\"},\"query-input\":{\"@type\":\"PropertyValueSpecification\",\"valueRequired\":true,\"valueName\":\"search_term_string\"}}],\"inLanguage\":\"fr-FR\"},{\"@type\":\"Organization\",\"@id\":\"https:\/\/bmbgroup.com\/#organization\",\"name\":\"BMB Group\",\"url\":\"https:\/\/bmbgroup.com\/\",\"logo\":{\"@type\":\"ImageObject\",\"inLanguage\":\"fr-FR\",\"@id\":\"https:\/\/bmbgroup.com\/#\/schema\/logo\/image\/\",\"url\":\"https:\/\/bmbgroup.com\/wp-content\/uploads\/2024\/10\/bmb-logo-white-final.png\",\"contentUrl\":\"https:\/\/bmbgroup.com\/wp-content\/uploads\/2024\/10\/bmb-logo-white-final.png\",\"width\":954,\"height\":407,\"caption\":\"BMB Group\"},\"image\":{\"@id\":\"https:\/\/bmbgroup.com\/#\/schema\/logo\/image\/\"}}]}<\/script>\n<!-- \/ Yoast SEO plugin. -->","yoast_head_json":{"title":"Campagne Cyber BMB France - Groupe BMB","robots":{"index":"index","follow":"follow","max-snippet":"max-snippet:-1","max-image-preview":"max-image-preview:large","max-video-preview":"max-video-preview:-1"},"canonical":"https:\/\/bmbgroup.com\/fr\/campagne-cyber-bmb-france\/","og_locale":"fr_FR","og_type":"article","og_title":"Campagne Cyber BMB France - BMB Group","og_description":"Booster ma&hellip;","og_url":"https:\/\/bmbgroup.com\/fr\/campagne-cyber-bmb-france\/","og_site_name":"BMB Group","article_modified_time":"2026-03-17T13:43:47+00:00","twitter_card":"summary_large_image","twitter_misc":{"Dur\u00e9e de lecture estim\u00e9e":"2 minutes"},"schema":{"@context":"https:\/\/schema.org","@graph":[{"@type":"WebPage","@id":"https:\/\/bmbgroup.com\/fr\/campagne-cyber-bmb-france\/","url":"https:\/\/bmbgroup.com\/fr\/campagne-cyber-bmb-france\/","name":"Campagne Cyber BMB France - Groupe BMB","isPartOf":{"@id":"https:\/\/bmbgroup.com\/#website"},"datePublished":"2026-02-26T11:12:59+00:00","dateModified":"2026-03-17T13:43:47+00:00","breadcrumb":{"@id":"https:\/\/bmbgroup.com\/fr\/campagne-cyber-bmb-france\/#breadcrumb"},"inLanguage":"fr-FR","potentialAction":[{"@type":"ReadAction","target":["https:\/\/bmbgroup.com\/fr\/campagne-cyber-bmb-france\/"]}]},{"@type":"BreadcrumbList","@id":"https:\/\/bmbgroup.com\/fr\/campagne-cyber-bmb-france\/#breadcrumb","itemListElement":[{"@type":"ListItem","position":1,"name":"Home","item":"https:\/\/bmbgroup.com\/"},{"@type":"ListItem","position":2,"name":"Campagne Cyber BMB France"}]},{"@type":"WebSite","@id":"https:\/\/bmbgroup.com\/#website","url":"https:\/\/bmbgroup.com\/","name":"BMB France","description":"Experts cybers\u00e9curit\u00e9 certifi\u00e9 Passi","publisher":{"@id":"https:\/\/bmbgroup.com\/#organization"},"potentialAction":[{"@type":"SearchAction","target":{"@type":"EntryPoint","urlTemplate":"https:\/\/bmbgroup.com\/?s={search_term_string}"},"query-input":{"@type":"PropertyValueSpecification","valueRequired":true,"valueName":"search_term_string"}}],"inLanguage":"fr-FR"},{"@type":"Organization","@id":"https:\/\/bmbgroup.com\/#organization","name":"BMB France","url":"https:\/\/bmbgroup.com\/","logo":{"@type":"ImageObject","inLanguage":"fr-FR","@id":"https:\/\/bmbgroup.com\/#\/schema\/logo\/image\/","url":"https:\/\/bmbgroup.com\/wp-content\/uploads\/2024\/10\/bmb-logo-white-final.png","contentUrl":"https:\/\/bmbgroup.com\/wp-content\/uploads\/2024\/10\/bmb-logo-white-final.png","width":954,"height":407,"caption":"BMB Group"},"image":{"@id":"https:\/\/bmbgroup.com\/#\/schema\/logo\/image\/"}}]}},"_links":{"self":[{"href":"https:\/\/bmbgroup.com\/fr\/wp-json\/wp\/v2\/pages\/38169","targetHints":{"allow":["GET"]}}],"collection":[{"href":"https:\/\/bmbgroup.com\/fr\/wp-json\/wp\/v2\/pages"}],"about":[{"href":"https:\/\/bmbgroup.com\/fr\/wp-json\/wp\/v2\/types\/page"}],"author":[{"embeddable":true,"href":"https:\/\/bmbgroup.com\/fr\/wp-json\/wp\/v2\/users\/1"}],"replies":[{"embeddable":true,"href":"https:\/\/bmbgroup.com\/fr\/wp-json\/wp\/v2\/comments?post=38169"}],"version-history":[{"count":236,"href":"https:\/\/bmbgroup.com\/fr\/wp-json\/wp\/v2\/pages\/38169\/revisions"}],"predecessor-version":[{"id":38619,"href":"https:\/\/bmbgroup.com\/fr\/wp-json\/wp\/v2\/pages\/38169\/revisions\/38619"}],"wp:attachment":[{"href":"https:\/\/bmbgroup.com\/fr\/wp-json\/wp\/v2\/media?parent=38169"}],"curies":[{"name":"wp","href":"https:\/\/api.w.org\/{rel}","templated":true}]}}